{"id":201,"date":"2016-10-29T18:49:36","date_gmt":"2016-10-29T16:49:36","guid":{"rendered":"http:\/\/kurtese.no\/?page_id=201"},"modified":"2016-10-29T19:01:51","modified_gmt":"2016-10-29T17:01:51","slug":"overnatting","status":"publish","type":"page","link":"https:\/\/kurtese.no\/?page_id=201","title":{"rendered":"Overnatting"},"content":{"rendered":"<div id=\"themify_builder_content-201\" data-postid=\"201\" class=\"themify_builder_content themify_builder_content-201 themify_builder themify_builder_front\">\n\n\t\t\t\t<!-- module_row -->\n\t\t\t<div  data-gutter=\"gutter-default\" class=\"themify_builder_row themify_builder_201_row module_row module_row_0 clearfix gutter-default col_align_top fullwidth fullheight hide-mobile\" data-equal-column-height=\"\" data-column-alignment=\"col_align_top\">\n\n\t\t\n\t\t\t\t\n\t\t\t\t<div class=\"row_inner_wrapper\">\n\t\t\t\t\t<div class=\"row_inner\">\n\n\t\t\t\t\t\t\n\t\t\t\t\t\t\n\t\t\t\t\t\t\t\n\t\t<div  class=\"col-full first tb-column  tb_201_column module_column_0 module_column\" >\n\n\t\t\t\n\t\t\t\n\t\t\t<div class=\"tb-column-inner\">\n\n\t\t\t\t\n\t\t\t\t\n\t\t\t\t\t\n<!-- module text -->\n<div id=\"text-201-0-0-1\" class=\"module module-text text-201-0-0-1   \">\n\t\n\t\n\t<h3><strong>Overnatting<\/strong><\/h3><p>Bor du langt unna studioet og trenger overnatting er ikke det noe problem. Flere gjesterom st\u00e5r fri til din\/deres disposisjon i samme hus som studioet er. Ingen kostnader med overnatting. Her har du fri tilgang til kj\u00f8kken og bad og det du trenger for \u00e5 slappe av og hente krefter mellom innspillingene. Velkommen skal du v\u00e6re<\/p>\n\t<\/div>\n<!-- \/module text -->\n\n\t\t\t\t\n\t\t\t<\/div><!-- \/.tb-column-inner -->\n\t\t\t\t\t<\/div>\n\t\t<!-- \/.tb-column -->\n\t\t\n\t\t\n\t\t\t\t\t\t\t\t\n\t\t\t\t\t\t\t\t\n\t\t\t\t\t\t\t\n\t\t\t\t\t\t<\/div>\n\t\t\t\t\t\t<!-- \/row_inner -->\n\t\t\t\t\t<\/div>\n\t\t\t\t\t<!-- \/row_inner_wrapper -->\n\t\t\t\t<\/div>\n\t\t\t\t<!-- \/module_row -->\n\t\t\t\t\t<!-- module_row -->\n\t\t\t<div  data-gutter=\"gutter-default\" class=\"themify_builder_row themify_builder_201_row module_row module_row_1 clearfix gutter-default col_align_top fullwidth fullheight hide-desktop hide-tablet\" data-equal-column-height=\"\" data-column-alignment=\"col_align_top\">\n\n\t\t\n\t\t\t\t\n\t\t\t\t<div class=\"row_inner_wrapper\">\n\t\t\t\t\t<div class=\"row_inner\">\n\n\t\t\t\t\t\t\n\t\t\t\t\t\t\n\t\t\t\t\t\t\t\n\t\t<div  class=\"col-full first tb-column  tb_201_column module_column_0 module_column\" >\n\n\t\t\t\n\t\t\t\n\t\t\t<div class=\"tb-column-inner\">\n\n\t\t\t\t\n\t\t\t\t\n\t\t\t\t\t\n<!-- module text -->\n<div id=\"text-201-1-0-1\" class=\"module module-text text-201-1-0-1   \">\n\t\n\t\n\t<h3><strong>Overnatting<\/strong><\/h3><p>Bor du langt unna studioet og trenger overnatting er ikke det noe problem. Flere gjesterom st\u00e5r fri til din\/deres disposisjon i samme hus som studioet er. Ingen kostnader med overnatting. Her har du fri tilgang til kj\u00f8kken og bad og det du trenger for \u00e5 slappe av og hente krefter mellom innspillingene. Velkommen skal du v\u00e6re<\/p>\n\t<\/div>\n<!-- \/module text -->\n\n\t\t\t\t\n\t\t\t<\/div><!-- \/.tb-column-inner -->\n\t\t\t\t\t<\/div>\n\t\t<!-- \/.tb-column -->\n\t\t\n\t\t\n\t\t\t\t\t\t\t\t\n\t\t\t\t\t\t\t\t\n\t\t\t\t\t\t\t\n\t\t\t\t\t\t<\/div>\n\t\t\t\t\t\t<!-- \/row_inner -->\n\t\t\t\t\t<\/div>\n\t\t\t\t\t<!-- \/row_inner_wrapper -->\n\t\t\t\t<\/div>\n\t\t\t\t<!-- \/module_row -->\n\t\t<\/div>\n<!-- \/themify_builder_content -->","protected":false},"excerpt":{"rendered":"<p>OvernattingBor du langt unna studioet og trenger overnatting er ikke det noe problem. Flere gjesterom st\u00e5r fri til din\/deres disposisjon i samme hus som studioet er. Ingen kostnader med overnatting. Her har du fri tilgang til kj\u00f8kken og bad og det du trenger for \u00e5 slappe av og hente krefter mellom innspillingene. Velkommen skal du [&hellip;]<\/p>\n","protected":false},"author":1,"featured_media":0,"parent":0,"menu_order":0,"comment_status":"closed","ping_status":"closed","template":"","meta":{"footnotes":""},"class_list":["post-201","page","type-page","status-publish","hentry","has-post-title","has-post-date","has-post-category","has-post-tag","has-post-comment","has-post-author"],"_links":{"self":[{"href":"https:\/\/kurtese.no\/index.php?rest_route=\/wp\/v2\/pages\/201","targetHints":{"allow":["GET"]}}],"collection":[{"href":"https:\/\/kurtese.no\/index.php?rest_route=\/wp\/v2\/pages"}],"about":[{"href":"https:\/\/kurtese.no\/index.php?rest_route=\/wp\/v2\/types\/page"}],"author":[{"embeddable":true,"href":"https:\/\/kurtese.no\/index.php?rest_route=\/wp\/v2\/users\/1"}],"replies":[{"embeddable":true,"href":"https:\/\/kurtese.no\/index.php?rest_route=%2Fwp%2Fv2%2Fcomments&post=201"}],"version-history":[{"count":9,"href":"https:\/\/kurtese.no\/index.php?rest_route=\/wp\/v2\/pages\/201\/revisions"}],"predecessor-version":[{"id":211,"href":"https:\/\/kurtese.no\/index.php?rest_route=\/wp\/v2\/pages\/201\/revisions\/211"}],"wp:attachment":[{"href":"https:\/\/kurtese.no\/index.php?rest_route=%2Fwp%2Fv2%2Fmedia&parent=201"}],"curies":[{"name":"wp","href":"https:\/\/api.w.org\/{rel}","templated":true}]}}