{"id":28,"date":"2016-10-29T01:00:03","date_gmt":"2016-10-28T23:00:03","guid":{"rendered":"http:\/\/kurtese.no\/?page_id=28"},"modified":"2020-11-26T14:22:30","modified_gmt":"2020-11-26T13:22:30","slug":"utstyr","status":"publish","type":"page","link":"https:\/\/kurtese.no\/?page_id=28","title":{"rendered":"Utstyr"},"content":{"rendered":"<div id=\"themify_builder_content-28\" data-postid=\"28\" class=\"themify_builder_content themify_builder_content-28 themify_builder themify_builder_front\">\n\n\t\t\t\t<!-- module_row -->\n\t\t\t<div  data-gutter=\"gutter-default\" class=\"themify_builder_row themify_builder_28_row module_row module_row_0 clearfix gutter-default col_align_top fullwidth fullheight\" data-equal-column-height=\"\" data-column-alignment=\"col_align_top\">\n\n\t\t\n\t\t\t\t\n\t\t\t\t<div class=\"row_inner_wrapper\">\n\t\t\t\t\t<div class=\"row_inner\">\n\n\t\t\t\t\t\t\n\t\t\t\t\t\t\n\t\t\t\t\t\t\t\n\t\t<div  class=\"col-full first tb-column  tb_28_column module_column_0 module_column\" >\n\n\t\t\t\n\t\t\t\n\t\t\t<div class=\"tb-column-inner\">\n\n\t\t\t\t\n\t\t\t\t\n\t\t\t\t\t\n<!-- module text -->\n<div id=\"text-28-0-0-1\" class=\"module module-text text-28-0-0-1   \">\n\t\n\t\n\t<h3><strong><span style=\"color: #000000;\">Lydrom<\/span><\/strong><\/h3><p><span style=\"color: #cf6e2d;\"><a style=\"color: #cf6e2d;\" href=\"http:\/\/kurtese.no\/?page_id=11\">Opptaksrommet er p\u00e5 15 m2.<\/a><\/span> Det har en avskilt seksjon for klangt\u00f8rre og refleksjonst\u00f8rre opptak som vokal eller andre instrumenter n\u00e5r det er behov for det. <br \/><span style=\"color: #cf6e2d;\"><a style=\"color: #cf6e2d;\" href=\"http:\/\/kurtese.no\/?page_id=11\" target=\"_blank\">Kontrollrommet<\/a><\/span> er p\u00e5 ca 13 m2. Rommet er akustikkbehandlet med \u201csweet spot\u201d for \u00e5 mikse den optimale lydmiksen.<br \/>I tillegg er det et alternativ kjellerrom p\u00e5 25 m2 med steinvegger som man kan bruke hvis man \u00f8nsker de klangmessige egenskapene her.<\/p>\n\t<\/div>\n<!-- \/module text -->\n\n<!-- module text -->\n<div id=\"text-28-0-0-2\" class=\"module module-text text-28-0-0-2   \">\n\t\n\t\n\t<h3><strong><span style=\"color: #000000;\">Opptakssystem<\/span><\/strong><\/h3><p>\u2022 <span style=\"color: #cf6e2d;\"><a style=\"color: #cf6e2d;\" href=\"http:\/\/www.avid.com\/products\/c24\" target=\"_blank\">Avid C24 24<\/a><\/span> kanals mikser\/kontrollflate med 16 h\u00f8ykvalitets preamper. Denne gir full styring og atomatisering av Protools. Se\u00a0 webinar med <span style=\"color: #cf6e2d;\"><a style=\"color: #cf6e2d;\" href=\"http:\/\/www.avid.com\/pro-mixing-webinars\" target=\"_blank\">Richard Furch<\/a><\/span> nederst p\u00e5 linksiden<br \/> \u2022 Datasystem og lagring:<br \/> <span style=\"color: #cf6e2d;\"><a style=\"color: #cf6e2d;\" href=\"http:\/\/www.apple.com\/mac-pro\/\" target=\"_blank\">Mac Pro sylinder <\/a><\/span>3,7 GHz 4 kjerners prosessor med 64 GB intern minne.<br \/> 2 stk <span style=\"color: #cf6e2d;\"><a style=\"color: #cf6e2d;\" href=\"https:\/\/www.glyphtech.com\/product\/studio-mini\" target=\"_blank\">Glyph Studio<\/a><\/span> mini SATA harddisk p\u00e5 1Tb hver. <span style=\"color: #cf6e2d;\"><a style=\"color: #cf6e2d;\" href=\"https:\/\/www.amazon.com\/gp\/product\/B000ND75C0\/ref=s9_dcacsd_dcoop_bw_c_x_3_r\" target=\"_blank\">Freeagent<\/a><\/span> disk\u00a0500 GB<br \/> <span style=\"color: #cf6e2d;\"><a style=\"color: #cf6e2d;\" href=\"https:\/\/www.bhphotovideo.com\/c\/product\/1095103-REG\/samsung_se_208gb_rswd_slim_external_usb.html\" target=\"_blank\">Samsung<\/a><\/span> CD brenner\/CD rom<br \/> \u2022 AD\/DA convertering: <span style=\"color: #cf6e2d;\"><a style=\"color: #cf6e2d;\" href=\"http:\/\/www.lynxstudio.com\/product_detail.asp?i=1\" target=\"_blank\">Aurora 16 converter fra <span style=\"color: #cf6e2d;\">lynx<\/span><\/a>.<\/span> 16 inn 16 ut. Sinnsyk coverter. Det du tar opp er det du<span style=\"color: #cf6e2d;\"><a style=\"color: #cf6e2d;\" href=\"https:\/\/www.youtube.com\/watch?v=jh0YgSDcKa8\" target=\"_blank\"> h\u00f8rer<\/a><\/span>. Brukt blant annet p\u00e5 siste samleplaten til Pink Floyd .<\/p>\n\t<\/div>\n<!-- \/module text -->\n\n<!-- module text -->\n<div id=\"text-28-0-0-3\" class=\"module module-text text-28-0-0-3   \">\n\t\n\t\n\t<h3><strong><span style=\"color: #000000;\">Software\/Plugins\/Softwareinstruments<\/span><\/strong><\/h3><p>Dataprogram\/vst \u2013plugins\/virituelle instruments:<br \/><span style=\"color: #cf6e2d;\"><a style=\"color: #cf6e2d;\" href=\"http:\/\/www.avid.com\/pro-tools\" target=\"_blank\">Protools v 12.4<\/a><\/span>\u00a0for mac.<br \/>Ekstra plugin pakke:<span style=\"color: #cf6e2d;\"><a style=\"color: #cf6e2d;\" href=\"http:\/\/www.waves.com\/plugins\/cla-2a-compressor-limiter\" target=\"_blank\"> CLA-2A compressor\/limiter<\/a><\/span>, <span style=\"color: #cf6e2d;\">H-Reverb Hybrid <\/span>Reverb,<span style=\"color: #cf6e2d;\"><a style=\"color: #cf6e2d;\" href=\"http:\/\/www.waves.com\/bundles\/studio-classics-collection#dweezil-zappa-studio-classics-collection\" target=\"_blank\"> Studio Classics Collection<\/a><\/span><br \/><span style=\"color: #cf6e2d;\"><a style=\"color: #cf6e2d;\" href=\"https:\/\/www.fxpansion.com\/\" target=\"_blank\">BFD<\/a><\/span> tromme software\/lydbibliotek: Fantastiske akustiske trommesamplinger. Har <span style=\"color: #cf6e2d;\"><a style=\"color: #cf6e2d;\" href=\"https:\/\/www.fxpansion.com\/products\/bfd3\/\" target=\"_blank\">BFD 3<\/a><\/span>\u00a0full pakke, <span style=\"color: #cf6e2d;\"><a style=\"color: #cf6e2d;\" href=\"https:\/\/www.fxpansion.com\/products\/bfdx\/bfdexpansions\/bfdxfl\/\" target=\"_blank\">BFD XFL<\/a><\/span>, <span style=\"color: #cf6e2d;\"><a style=\"color: #cf6e2d;\" href=\"https:\/\/www.fxpansion.com\/legacyproducts\/bfd2\/\" target=\"_blank\">lydbiblotek fra BFD <\/a><\/span>v 1.5, og BFD v 2.0.\u00a0<span style=\"color: #cf6e2d;\"><a style=\"color: #cf6e2d;\" href=\"https:\/\/www.fxpansion.com\/products\/bfdx\/bfdexpansions\/bfdpercussion\/\" target=\"_blank\">BFD Percusjon<\/a><\/span>, <span style=\"color: #cf6e2d;\"><a style=\"color: #cf6e2d;\" href=\"https:\/\/www.fxpansion.com\/products\/bfdx\/bfdexpansions\/bfdjazzandfunk\/\" target=\"_blank\">BFD Jazz\/funk collection<\/a><\/span>,<br \/><span style=\"color: #cf6e2d;\"><a style=\"color: #cf6e2d;\" href=\"http:\/\/www.soundsonline.com\/composercloud\" target=\"_blank\">Composer cloud<\/a><\/span> fra EastWest sound. Et fantastisk verkt\u00f8y\/lydbibliotek som blir brukt i alle sjangre og filmmusikk av\u00a0den profesjonelle musikkbransjen. 53\u00a0software instruments fra symfoni orkester til etniske instrumenter og div andre lyder.<br \/><a href=\"https:\/\/www.waves.com\/bundles\/diamond\"><span style=\"color: #f1842f;\">Waves Diamond bundle<\/span><\/a> . Pakke<br \/>med 65 h\u00f8ykvalitets mixe og mastering plugins<br \/><a href=\"https:\/\/www.waves.com\/bundles\/horizon\"><span style=\"color: #ff6600;\">Wave Horizon bundle<\/span><\/a>. Pakke med 73 h\u00f8ykvalitets mixe og mastering plugins.<br \/>Diverse andre plugins fra Waves basert p\u00e5 analog modelering og lydbearbeiding<\/p>\n\t<\/div>\n<!-- \/module text -->\n\n<!-- module text -->\n<div id=\"text-28-0-0-4\" class=\"module module-text text-28-0-0-4    hide-desktop hide-tablet\">\n\t\n\t\n\t<h5><strong><span style=\"color: #000000;\">Software\/Plugins\/<\/span><\/strong><\/h5><h5><strong><span style=\"color: #000000;\">Softwareinstruments<\/span><\/strong><\/h5><p>Dataprogram\/vst \u2013plugins\/virituelle instruments:<br \/> <span style=\"color: #cf6e2d;\"><a style=\"color: #cf6e2d;\" href=\"http:\/\/www.avid.com\/pro-tools\" target=\"_blank\">Protools v 12.4<\/a><\/span>\u00a0for mac.<br \/> Ekstra plugin pakke:<span style=\"color: #cf6e2d;\"><a style=\"color: #cf6e2d;\" href=\"http:\/\/www.waves.com\/plugins\/cla-2a-compressor-limiter\" target=\"_blank\"> CLA-2A compressor\/limiter<\/a><\/span>, <span style=\"color: #cf6e2d;\">H-Reverb Hybrid <\/span>Reverb,<span style=\"color: #cf6e2d;\"><a style=\"color: #cf6e2d;\" href=\"http:\/\/www.waves.com\/bundles\/studio-classics-collection#dweezil-zappa-studio-classics-collection\" target=\"_blank\"> Studio Classics Collection<\/a><\/span><br \/> <span style=\"color: #cf6e2d;\"><a style=\"color: #cf6e2d;\" href=\"https:\/\/www.fxpansion.com\/\" target=\"_blank\">BFD<\/a><\/span> tromme software\/lydbibliotek: Fantastiske akustiske trommesamplinger. Har <span style=\"color: #cf6e2d;\"><a style=\"color: #cf6e2d;\" href=\"https:\/\/www.fxpansion.com\/products\/bfd3\/\" target=\"_blank\">BFD 3<\/a><\/span>\u00a0full pakke, <span style=\"color: #cf6e2d;\"><a style=\"color: #cf6e2d;\" href=\"https:\/\/www.fxpansion.com\/products\/bfdx\/bfdexpansions\/bfdxfl\/\" target=\"_blank\">BFD XFL<\/a><\/span>, <span style=\"color: #cf6e2d;\"><a style=\"color: #cf6e2d;\" href=\"https:\/\/www.fxpansion.com\/legacyproducts\/bfd2\/\" target=\"_blank\">lydbiblotek fra BFD <\/a><\/span>v 1.5, og BFD v 2.0.\u00a0<span style=\"color: #cf6e2d;\"><a style=\"color: #cf6e2d;\" href=\"https:\/\/www.fxpansion.com\/products\/bfdx\/bfdexpansions\/bfdpercussion\/\" target=\"_blank\">BFD Percusjon<\/a><\/span>, <span style=\"color: #cf6e2d;\"><a style=\"color: #cf6e2d;\" href=\"https:\/\/www.fxpansion.com\/products\/bfdx\/bfdexpansions\/bfdjazzandfunk\/\" target=\"_blank\">BFD Jazz\/funk collection<\/a><\/span>,<br \/> <span style=\"color: #cf6e2d;\"><a style=\"color: #cf6e2d;\" href=\"http:\/\/www.soundsonline.com\/composercloud\" target=\"_blank\">Composer cloud<\/a><\/span> fra EastWest sound. Et fantastisk verkt\u00f8y\/lydbibliotek som blir brukt i alle sjangre og filmmusikk av\u00a0den profesjonelle musikkbransjen. 53\u00a0software instruments fra symfoni orkester til etniske instrumenter og div andre lyder.<br \/> <a href=\"https:\/\/www.waves.com\/bundles\/diamond\"><span style=\"color: #f1842f;\">Waves Diamond Bundle<\/span><\/a>. Pakke med 65 h\u00f8ykvalitets mixe og mastering plugins<\/p>\n\t<\/div>\n<!-- \/module text -->\n\n<!-- module text -->\n<div id=\"text-28-0-0-5\" class=\"module module-text text-28-0-0-5   \">\n\t\n\t\n\t<h3><strong><span style=\"color: #000000;\">Monitoring<\/span><\/strong><\/h3><p>Monitroring\/ headphones:<br \/> <a href=\"https:\/\/www.dynaudio.com\/professional-audio\/lyd\/lyd-48\"><span style=\"color: #f1842f;\">DynAudio Lyd 48<\/span><\/a>. Fantastiske monitorer<br \/> <span style=\"color: #cf6e2d;\"><a style=\"color: #cf6e2d;\" href=\"http:\/\/www.musiciansfriend.com\/pro-audio\/behringer-truth-b2031-active-monitors#productDetail\" target=\"_blank\">Behringer Thruth B2031<\/a><\/span> studiomonitorer, <span style=\"color: #cf6e2d;\"><a style=\"color: #cf6e2d;\" href=\"http:\/\/www.musiciansfriend.com\/pro-audio\/akg-k141-mkii-headphones#productDetail\" target=\"_blank\">AKG headphone k 141<\/a><\/span>, diverse andre headphones.<br \/> <span style=\"color: #cf6e2d;\">Software monitormix <\/span>fra Lynx til veggboks i kontrollrom. 4 stk stereo uttak for lytting herfra.<\/p>\n\t<\/div>\n<!-- \/module text -->\n\n<!-- module text -->\n<div id=\"text-28-0-0-6\" class=\"module module-text text-28-0-0-6   \">\n\t\n\t\n\t<h3><strong><span style=\"color: #000000;\">Preamper\/Eq<\/span><\/strong><\/h3><p>Eksterne preamps:<br \/> <span style=\"color: #cf6e2d;\"><a style=\"color: #cf6e2d;\" href=\"https:\/\/www.prolyd.no\/avdelinger\/produkter\/mikrofonforsterkere\/preamp-mono\/millennia-hv-35-mic-and-instrument-preamp-500-series-for-api-frames-106109-p0000006544\" target=\"_blank\">2 Millenia HV-35 preamp<\/a><\/span>, <span style=\"color: #cf6e2d;\"><a style=\"color: #cf6e2d;\" href=\"https:\/\/www.prolyd.no\/avdelinger\/produkter\/mikrofonforsterkere\/tilbeh\u00f8r\/heritage-audio-ha-73-jr-500-serie-mikrofonforsterker-ha1073jr-p0000011833\" target=\"_blank\">Heritage audio 1073vpreamp<\/a><\/span>, 2 <span style=\"color: #cf6e2d;\"><a style=\"color: #cf6e2d;\" href=\"https:\/\/www.prolyd.no\/avdelinger\/produkter\/mikrofonforsterkere\/preamp-mono\/api-512c-discrete-mic-line-pre-500-series-for-api-frames-512c-p0000004233\">Api 512c <\/a><\/span>preamp. Alt st\u00e5r i<span style=\"color: #cf6e2d;\"><a style=\"color: #cf6e2d;\" href=\"https:\/\/www.prolyd.no\/avdelinger\/produsent\/api\/api-500-8b-lunchbox-8-slots-rack-m-psu-500-series-rack-250-ma-x8-kanallink-api500-8b-p0000013609\" target=\"_blank\"> 8 kanals luncbox<\/a><\/span> fra Api. <span style=\"color: #cf6e2d;\"><a style=\"color: #cf6e2d;\" href=\"https:\/\/www.presonus.com\/products\/BlueTube-DP-v2\" target=\"_blank\">Blutube 2<\/a><\/span> kanals preamp fra Presonus.<a href=\"http:\/\/chandlerlimited.com\/product-reviews\/chandler-ltd-1-eqpre-amp-pro-audio-review-2004\/\"><span style=\"color: #f1842f;\"> Chandler Limited LTD-1<\/span> <\/a>Preamp\/EQ &#8211; fantastisk preamp. <span style=\"color: #f1842f;\">Avid c24 16 preamper<\/span> .<br \/> Equalizer:<span style=\"color: #f1842f;\"><a style=\"color: #f1842f;\" href=\"http:\/\/www.solidstatelogic.com\/studio\/500format-modules\"> SSL E series EQ 500-series<\/a><\/span> 5 stk montert i Api lunchbox. Samme Legendarisk Eq som st\u00e5r i store SSL consollmixere<\/p>\n\t<\/div>\n<!-- \/module text -->\n\n<!-- module text -->\n<div id=\"text-28-0-0-7\" class=\"module module-text text-28-0-0-7   \">\n\t\n\t\n\t<h3><strong><span style=\"color: #000000;\">Eksterne compressorer\/Summeringsmixer\/Effekter<\/span><\/strong><\/h3><p><a href=\"http:\/\/www.tube-tech.com\/cl-1b-opto-compressor-9.html\"><span style=\"color: #f1842f;\">TUBE TECH CL 1B<\/span> <\/a>Compressor \/ limiter- legendarisk compressor<br \/> <a href=\"http:\/\/www.smartresearch.co.uk\/#C2\"><span style=\"color: #f1842f;\">Smart Research C2<\/span> <\/a>Dual\/Stereo Compressor. Samme bus compressor som sitter i store SSl-consol miksere.<br \/> <a href=\"https:\/\/dbxpro.com\/en\/products\/560a\"><span style=\"color: #f1842f;\">dbx 560A<\/span> <\/a>| Kompressor basert p\u00e5 160A 4stk<br \/> <a href=\"http:\/\/www.empiricallabs.com\/distressor.html\"><span style=\"color: #f1842f;\">Empirical Labs EL8XS<\/span> <\/a>Distressor 2 st i stereopar-legendarisk<br \/> <a href=\"https:\/\/www.soundonsound.com\/reviews\/warm-audio-wa-2a\"><span style=\"color: #f1842f;\">Warm Audio WA-2A<\/span><\/a> bygd p\u00e5 den legendariske Teletronics LA-2A<br \/> <a href=\"https:\/\/www.soundonsound.com\/reviews\/warm-audio-wa76\"><span style=\"color: #f1842f;\">Warm Audio WA-76<\/span><\/a> 2 stk i stereopar bygd p\u00e5 den legendariske Universial Audio 1176<br \/> <a href=\"http:\/\/rupertneve.com\/products\/5059-satellite\/\"><span style=\"color: #f1842f;\">Rupert Neve 5059 Satellite<\/span> <\/a>. Summeringsmixer for \u00e5 f\u00e5 den gode varme analoglyden. Signert Rupert Neve sin legendariske &#8220;Neve&#8221; lyd<br \/> <span style=\"color: #ff6600;\"><a style=\"color: #ff6600;\" href=\"http:\/\/www.bricasti.com\/en\/pro\/m7.php\">Bricasti Design M7 Reverb<\/a><\/span>. Fantastisk klangmodul for den kresne bruker.<\/p><p>\u00a0<\/p>\n\t<\/div>\n<!-- \/module text -->\n\n<!-- module text -->\n<div id=\"text-28-0-0-8\" class=\"module module-text text-28-0-0-8   \">\n\t\n\t\n\t<h3><strong><span style=\"color: #000000;\">Gitarer\/bass<\/span><\/strong><\/h3><p>Gitarer:<br \/><span style=\"color: #cf6e2d;\"><a style=\"color: #cf6e2d;\" href=\"http:\/\/www.gibson.com\/Products\/Electric-Guitars\/2015\/Memphis\/ES-335.aspx#ESDP15SBNH1\" target=\"_blank\">Gibson ES 335 jazz elgitar 2015<\/a><\/span>, <span style=\"color: #cf6e2d;\"><a style=\"color: #cf6e2d;\" href=\"http:\/\/www.gibson.com\/Products\/Acoustic-Instruments\/Square-Shoulder\/Gibson-Acoustic\/Hummingbird.aspx\" target=\"_blank\">Gibson Hummingbird<\/a><\/span> akustisk st\u00e5lstrenger, <span style=\"color: #cf6e2d;\"><a style=\"color: #cf6e2d;\" href=\"https:\/\/www.youtube.com\/watch?v=7Ucsd1VkTVo\" target=\"_blank\">Takamine PT05E<\/a><\/span> akustisk st\u00e5lstrenger, <span style=\"color: #cf6e2d;\"><a style=\"color: #cf6e2d;\" href=\"https:\/\/www.ultimate-guitar.com\/reviews\/acoustic_guitars\/takamine\/c128\/index.html\" target=\"_blank\">Takamine c-128 <\/a><\/span>klassisk nylonstrenger, cataluna klassisk gitar (barnest\u00f8rrelse) , <span style=\"color: #cf6e2d;\"><a style=\"color: #cf6e2d;\" href=\"http:\/\/intl.fender.com\/en-NO\/basses\/jazz-bass\/standard-jazz-bass-maple-fingerboard-black-3-ply-parchment-pickguard-no-bag\/\" target=\"_blank\">Fender jazzbass.<\/a><\/span><\/p>\n\t<\/div>\n<!-- \/module text -->\n\n<!-- module text -->\n<div id=\"text-28-0-0-9\" class=\"module module-text text-28-0-0-9   \">\n\t\n\t\n\t<h3><strong><span style=\"color: #000000;\">Trommer<\/span><\/strong><\/h3><p><br \/><br \/><span style=\"color: #f1842f;\">Tama akustisk trommesett<\/span>, <span style=\"color: #f1842f;\">Zildjian<\/span> crash\/ride cymbal, <span style=\"color: #f1842f;\">Zildjian<\/span> 20k ride, <span style=\"color: #f1842f;\">Sabian<\/span> Hihat 14&#8243;<\/p>\n\t<\/div>\n<!-- \/module text -->\n\n<!-- module text -->\n<div id=\"text-28-0-0-10\" class=\"module module-text text-28-0-0-10   \">\n\t\n\t\n\t<h3><strong><span style=\"color: #000000;\">Gitarutstyr<\/span><\/strong><\/h3><p><span style=\"color: #cf6e2d;\"><a style=\"color: #cf6e2d;\" href=\"http:\/\/line6.com\/legacy\/podxtpro\/\" target=\"_blank\">Gitarpreamp- Line 6 Podxt pro<\/a><\/span>, <span style=\"color: #cf6e2d;\"><a style=\"color: #cf6e2d;\" href=\"http:\/\/www.mk-guitar.com\/2008\/09\/10\/knopflers-ernie-ball-volume-pedal-and-how-i-use-mine\/\" target=\"_blank\">volumpedal<\/a><\/span>, <span style=\"color: #cf6e2d;\"><a style=\"color: #cf6e2d;\" href=\"http:\/\/www.morleypedals.com\/dm2sw.html\" target=\"_blank\">Morley Wah Wah<\/a><\/span>-eldre modell, phaser, ekstern Eq 7 b\u00e5nds preamp til nylonstrenger.<\/p>\n\t<\/div>\n<!-- \/module text -->\n\n<!-- module text -->\n<div id=\"text-28-0-0-11\" class=\"module module-text text-28-0-0-11   \">\n\t\n\t\n\t<h3><strong><span style=\"color: #000000;\">Mikrofoner<\/span><\/strong><\/h3><p><a href=\"https:\/\/en-de.neumann.com\/u-87-ai\"><span style=\"color: #cf6e2d;\">Neuman U87 AI stormembran mic<\/span><\/a>&#8211; fantastisk vokalmikrofon, <span style=\"color: #cf6e2d;\"><a style=\"color: #cf6e2d;\" href=\"http:\/\/www.musiciansfriend.com\/pro-audio\/mxl-v6-silicon-valve-microphone#productDetail\" target=\"_blank\">MXL V6 Silicon Valv<\/a><\/span> kondensatormic-vokal, <span style=\"color: #cf6e2d;\"><a style=\"color: #cf6e2d;\" href=\"http:\/\/www.mixonline.com\/news\/profiles\/adk-51tc\/372707\" target=\"_blank\">ADK A-51 TC r\u00f8rmic<\/a><\/span> \u2013vokal, <span style=\"color: #cf6e2d;\"><a style=\"color: #cf6e2d;\" href=\"https:\/\/www.neumann.com\/?lang=en&id=current_microphones&cid=km180_description\" target=\"_blank\">2 stkNeuman KM184<\/a> <a style=\"color: #cf6e2d;\" href=\"https:\/\/www.youtube.com\/watch?v=GYNOX9nuqrM\" target=\"_blank\">instrument mic<\/a><\/span>, Dynacord DND3000 dynamisk mic.\u00a0Trommemic: <a href=\"http:\/\/www.musiciansfriend.com\/pro-audio\/sennheiser-evolution-e902-dynamic-kick-drum-microphone\"><span style=\"color: #f1842f;\">Sennheiser 902<\/span><\/a>, 3 stk<a href=\"https:\/\/www.sweetwater.com\/store\/detail\/e904\"> <span style=\"color: #f1842f;\">Sennheiser 904<\/span><\/a>,<a href=\"http:\/\/www.proaudioland.com\/news\/sennheiser-e906-dynamic-instrument-microphone-review\/\"> <span style=\"color: #f1842f;\">Sennheiser 906<\/span><\/a>. Instrument mic :<a href=\"http:\/\/www.shure.com\/americas\/products\/microphones\/sm\/sm57-instrument-microphone\"><span style=\"color: #f1842f;\">SM 57<\/span> <\/a>2 stk, <a href=\"http:\/\/www.shure.com\/americas\/products\/microphones\/sm\/sm58-vocal-microphone\"><span style=\"color: #f1842f;\">SM 58<\/span> <\/a>1 stk\u00a0<\/p>\n\t<\/div>\n<!-- \/module text -->\n\n<!-- module text -->\n<div id=\"text-28-0-0-12\" class=\"module module-text text-28-0-0-12   \">\n\t\n\t\n\t<h3><strong><span style=\"color: #000000;\">Piano\/synth\/midi<\/span><\/strong><\/h3><p><span style=\"color: #cf6e2d;\"><a style=\"color: #cf6e2d;\" href=\"http:\/\/kurzweil.com\/product\/pc2x\/\" target=\"_blank\">Kurzweil PC 2x <\/a><\/span>digitalt piano\/synth med 88 veide tangenter. 2 kanals <span style=\"color: #cf6e2d;\"><a style=\"color: #cf6e2d;\" href=\"http:\/\/motu.com\/products\/midi\/fastlane_usb\" target=\"_blank\">Motu<\/a><\/span> fastline miditilkobling med usb.<\/p>\n\t<\/div>\n<!-- \/module text -->\n\n<!-- module text -->\n<div id=\"text-28-0-0-13\" class=\"module module-text text-28-0-0-13   \">\n\t\n\t\n\t<h3><strong><span style=\"color: #000000;\">Veggboks kontrollrom<\/span><\/strong><\/h3><p>16 kanaler inn, 4 stereo jack og 4 xlr retur for monitorering. Neutrix XLR og jack kontakter.Diverse mickabler og stativ.<\/p>\n\t<\/div>\n<!-- \/module text -->\n\n<!-- module text -->\n<div id=\"text-28-0-0-14\" class=\"module module-text text-28-0-0-14   \">\n\t\n\t\n\t<h3><strong><span style=\"color: #000000;\">Di-bokser<\/span><\/strong><\/h3><p>Di bokser: <span style=\"color: #cf6e2d;\"><a style=\"color: #cf6e2d;\" href=\"http:\/\/www.radialeng.com\/prod2.php\" target=\"_blank\">Radial Pro D2<\/a><\/span> passiv boks, <span style=\"color: #cf6e2d;\"><a style=\"color: #cf6e2d;\" href=\"http:\/\/www.laaudio.co.uk\/product_di2_1371.aspx\" target=\"_blank\">La Audio D12<\/a><\/span> aktiv boks.<\/p><h3><span style=\"color: #000000;\">\u00a0<\/span><\/h3><p>\u00a0<\/p>\n\t<\/div>\n<!-- \/module text -->\n\n\t\t\t\t\n\t\t\t<\/div><!-- \/.tb-column-inner -->\n\t\t\t\t\t<\/div>\n\t\t<!-- \/.tb-column -->\n\t\t\n\t\t\n\t\t\t\t\t\t\t\t\n\t\t\t\t\t\t\t\t\n\t\t\t\t\t\t\t\n\t\t\t\t\t\t<\/div>\n\t\t\t\t\t\t<!-- \/row_inner -->\n\t\t\t\t\t<\/div>\n\t\t\t\t\t<!-- \/row_inner_wrapper -->\n\t\t\t\t<\/div>\n\t\t\t\t<!-- \/module_row -->\n\t\t\t\t\t<!-- module_row -->\n\t\t\t<div  data-gutter=\"gutter-default\" class=\"themify_builder_row themify_builder_28_row module_row module_row_1 clearfix gutter-default col_align_top fullwidth fullheight\" data-equal-column-height=\"\" data-column-alignment=\"col_align_top\">\n\n\t\t\n\t\t\t\t\n\t\t\t\t<div class=\"row_inner_wrapper\">\n\t\t\t\t\t<div class=\"row_inner\">\n\n\t\t\t\t\t\t\n\t\t\t\t\t\t\n\t\t\t\t\t\t\t\n\t\t<div  class=\"col-full first tb-column empty-column tb_28_column module_column_0 module_column\" >\n\n\t\t\t\n\t\t\t\n\t\t\t<div class=\"tb-column-inner\">\n\n\t\t\t\t\n\t\t\t\t\n\t\t\t\t\t&nbsp;\n\t\t\t\t\n\t\t\t<\/div><!-- \/.tb-column-inner -->\n\t\t\t\t\t<\/div>\n\t\t<!-- \/.tb-column -->\n\t\t\n\t\t\n\t\t\t\t\t\t\t\t\n\t\t\t\t\t\t\t\t\n\t\t\t\t\t\t\t\n\t\t\t\t\t\t<\/div>\n\t\t\t\t\t\t<!-- \/row_inner -->\n\t\t\t\t\t<\/div>\n\t\t\t\t\t<!-- \/row_inner_wrapper -->\n\t\t\t\t<\/div>\n\t\t\t\t<!-- \/module_row -->\n\t\t<\/div>\n<!-- \/themify_builder_content -->","protected":false},"excerpt":{"rendered":"<p>LydromOpptaksrommet er p\u00e5 15 m2. Det har en avskilt seksjon for klangt\u00f8rre og refleksjonst\u00f8rre opptak som vokal eller andre instrumenter n\u00e5r det er behov for det. Kontrollrommet er p\u00e5 ca 13 m2. Rommet er akustikkbehandlet med \u201csweet spot\u201d for \u00e5 mikse den optimale lydmiksen.I tillegg er det et alternativ kjellerrom p\u00e5 25 m2 med steinvegger [&hellip;]<\/p>\n","protected":false},"author":1,"featured_media":0,"parent":0,"menu_order":0,"comment_status":"closed","ping_status":"closed","template":"","meta":{"footnotes":""},"class_list":["post-28","page","type-page","status-publish","hentry","has-post-title","has-post-date","has-post-category","has-post-tag","has-post-comment","has-post-author"],"_links":{"self":[{"href":"https:\/\/kurtese.no\/index.php?rest_route=\/wp\/v2\/pages\/28","targetHints":{"allow":["GET"]}}],"collection":[{"href":"https:\/\/kurtese.no\/index.php?rest_route=\/wp\/v2\/pages"}],"about":[{"href":"https:\/\/kurtese.no\/index.php?rest_route=\/wp\/v2\/types\/page"}],"author":[{"embeddable":true,"href":"https:\/\/kurtese.no\/index.php?rest_route=\/wp\/v2\/users\/1"}],"replies":[{"embeddable":true,"href":"https:\/\/kurtese.no\/index.php?rest_route=%2Fwp%2Fv2%2Fcomments&post=28"}],"version-history":[{"count":49,"href":"https:\/\/kurtese.no\/index.php?rest_route=\/wp\/v2\/pages\/28\/revisions"}],"predecessor-version":[{"id":312,"href":"https:\/\/kurtese.no\/index.php?rest_route=\/wp\/v2\/pages\/28\/revisions\/312"}],"wp:attachment":[{"href":"https:\/\/kurtese.no\/index.php?rest_route=%2Fwp%2Fv2%2Fmedia&parent=28"}],"curies":[{"name":"wp","href":"https:\/\/api.w.org\/{rel}","templated":true}]}}