{"id":7,"date":"2016-10-29T00:35:22","date_gmt":"2016-10-28T22:35:22","guid":{"rendered":"http:\/\/kurtese.no\/?page_id=7"},"modified":"2016-10-29T20:21:04","modified_gmt":"2016-10-29T18:21:04","slug":"studioet","status":"publish","type":"page","link":"https:\/\/kurtese.no\/?page_id=7","title":{"rendered":"Studioet"},"content":{"rendered":"<div id=\"themify_builder_content-7\" data-postid=\"7\" class=\"themify_builder_content themify_builder_content-7 themify_builder themify_builder_front\">\n\n\t\t\t\t<!-- module_row -->\n\t\t\t<div  data-gutter=\"gutter-default\" class=\"themify_builder_row themify_builder_7_row module_row module_row_0 clearfix gutter-default col_align_top fullwidth fullheight hide-mobile\" data-equal-column-height=\"\" data-column-alignment=\"col_align_top\">\n\n\t\t\n\t\t\t\t\n\t\t\t\t<div class=\"row_inner_wrapper\">\n\t\t\t\t\t<div class=\"row_inner\">\n\n\t\t\t\t\t\t\n\t\t\t\t\t\t\n\t\t\t\t\t\t\t\n\t\t<div  class=\"col-full first tb-column  tb_7_column module_column_0 module_column\" >\n\n\t\t\t\n\t\t\t\n\t\t\t<div class=\"tb-column-inner\">\n\n\t\t\t\t\n\t\t\t\t\n\t\t\t\t\t\n<!-- module text -->\n<div id=\"text-7-0-0-1\" class=\"module module-text text-7-0-0-1   \">\n\t\n\t\n\t<h3><img loading=\"lazy\" decoding=\"async\" class=\"size-medium wp-image-64 aligncenter\" src=\"http:\/\/kurtese.no\/wp-content\/uploads\/2016\/10\/ese-1-300x233.jpg\" alt=\"ese\" width=\"300\" height=\"233\" srcset=\"https:\/\/kurtese.no\/wp-content\/uploads\/2016\/10\/ese-1-300x233.jpg 300w, https:\/\/kurtese.no\/wp-content\/uploads\/2016\/10\/ese-1.jpg 531w\" sizes=\"auto, (max-width: 300px) 100vw, 300px\" \/><\/h3><h3><span style=\"color: #000000;\">Studioet<\/span><\/h3><p><span style=\"color: #cf6e2d;\"><a style=\"color: #cf6e2d;\" href=\"http:\/\/kurtese.no\/?page_id=11\" target=\"_blank\">Balestrand Lydstudio<\/a><\/span> ligger i turistkommunen Balestrand. <br \/>Et fantastisk vakkert sted med fjord og fjell som et flott bakteppe for inspirasjon til musikalsk og lydmessig kreativitet.<br \/>Et profesjonelt utstyrt studio med kvalitetsutstyr og akustikkbehandlet opptaks og kontrollrom. Se <span style=\"color: #cf6e2d;\"><a style=\"color: #cf6e2d;\" href=\"http:\/\/kurtese.no\/?page_id=28\" target=\"_blank\">utstyrsliste<\/a><\/span> p\u00e5 hjemmesiden <br \/>Sudioet ligger p\u00e5 et idyllisk g\u00e5rdsbruk ved fjorden. Her er det mulighet for overnatting og aktiviteter sommer og vinter mellom innspillingene. <br \/>Det v\u00e6re seg sommerlige aktiviteter som bading og fjellturer eller skiaktiviteter om vinteren i flotte omgivelser eller bare slappe av og nyte livet der man er.<br \/>Du er hjertelig velkommen til et hyggelig samarbeid<\/p>\n\t<\/div>\n<!-- \/module text -->\n\n\t\t\t\t\n\t\t\t<\/div><!-- \/.tb-column-inner -->\n\t\t\t\t\t<\/div>\n\t\t<!-- \/.tb-column -->\n\t\t\n\t\t\n\t\t\t\t\t\t\t\t\n\t\t\t\t\t\t\t\t\n\t\t\t\t\t\t\t\n\t\t\t\t\t\t<\/div>\n\t\t\t\t\t\t<!-- \/row_inner -->\n\t\t\t\t\t<\/div>\n\t\t\t\t\t<!-- \/row_inner_wrapper -->\n\t\t\t\t<\/div>\n\t\t\t\t<!-- \/module_row -->\n\t\t\t\t\t<!-- module_row -->\n\t\t\t<div  data-gutter=\"gutter-default\" class=\"themify_builder_row themify_builder_7_row module_row module_row_1 clearfix gutter-default col_align_top fullwidth hide-desktop hide-tablet\" data-equal-column-height=\"\" data-column-alignment=\"col_align_top\">\n\n\t\t\n\t\t\t\t\n\t\t\t\t<div class=\"row_inner_wrapper\">\n\t\t\t\t\t<div class=\"row_inner\">\n\n\t\t\t\t\t\t\n\t\t\t\t\t\t\n\t\t\t\t\t\t\t\n\t\t<div  class=\"col-full first tb-column  tb_7_column module_column_0 module_column\" >\n\n\t\t\t\n\t\t\t\n\t\t\t<div class=\"tb-column-inner\">\n\n\t\t\t\t\n\t\t\t\t\n\t\t\t\t\t\n<!-- module text -->\n<div id=\"text-7-1-0-1\" class=\"module module-text text-7-1-0-1   \">\n\t\n\t\n\t<h3>\u00a0<\/h3><h3 style=\"text-align: left;\"><span style=\"color: #000000;\"><strong>Studioet<\/strong><img loading=\"lazy\" decoding=\"async\" class=\"wp-image-64 alignright\" src=\"http:\/\/kurtese.no\/wp-content\/uploads\/2016\/10\/ese-1-300x233.jpg\" alt=\"ese\" width=\"146\" height=\"114\" srcset=\"https:\/\/kurtese.no\/wp-content\/uploads\/2016\/10\/ese-1-300x233.jpg 300w, https:\/\/kurtese.no\/wp-content\/uploads\/2016\/10\/ese-1.jpg 531w\" sizes=\"auto, (max-width: 146px) 100vw, 146px\" \/><\/span><\/h3><p><span style=\"color: #cf6e2d;\"><a style=\"color: #cf6e2d;\" href=\"http:\/\/kurtese.no\/?page_id=11\" target=\"_blank\">Balestrand Lydstudio<\/a><\/span> ligger i turist- kommunen Balestrand. <br \/>Et fantastisk vakkert sted med fjord og fjell som et flott bakteppe for inspirasjon til musikalsk og lydmessig kreativitet. Et profesjonelt utstyrt studio med kvalitetsutstyr og akustikkbehandlet opptaks og kontrollrom. Se <span style=\"color: #cf6e2d;\"><a style=\"color: #cf6e2d;\" href=\"http:\/\/kurtese.no\/?page_id=28\" target=\"_blank\">utstyrsliste<\/a><\/span> p\u00e5 hjemmesiden <br \/>Sudioet ligger p\u00e5 et idyllisk g\u00e5rdsbruk ved fjorden. Her er det mulighet for overnatting og aktiviteter sommer og vinter mellom innspillingene. <br \/>Det v\u00e6re seg sommerlige aktiviteter som bading og fjellturer eller skiaktiviteter om vinteren i flotte omgivelser eller bare slappe av og nyte livet der man er.<br \/>Du er hjertelig velkommen til et hyggelig samarbeid<\/p>\n\t<\/div>\n<!-- \/module text -->\n\n\t\t\t\t\n\t\t\t<\/div><!-- \/.tb-column-inner -->\n\t\t\t\t\t<\/div>\n\t\t<!-- \/.tb-column -->\n\t\t\n\t\t\n\t\t\t\t\t\t\t\t\n\t\t\t\t\t\t\t\t\n\t\t\t\t\t\t\t\n\t\t\t\t\t\t<\/div>\n\t\t\t\t\t\t<!-- \/row_inner -->\n\t\t\t\t\t<\/div>\n\t\t\t\t\t<!-- \/row_inner_wrapper -->\n\t\t\t\t<\/div>\n\t\t\t\t<!-- \/module_row -->\n\t\t<\/div>\n<!-- \/themify_builder_content -->","protected":false},"excerpt":{"rendered":"<p>StudioetBalestrand Lydstudio ligger i turistkommunen Balestrand. Et fantastisk vakkert sted med fjord og fjell som et flott bakteppe for inspirasjon til musikalsk og lydmessig kreativitet.Et profesjonelt utstyrt studio med kvalitetsutstyr og akustikkbehandlet opptaks og kontrollrom. Se utstyrsliste p\u00e5 hjemmesiden Sudioet ligger p\u00e5 et idyllisk g\u00e5rdsbruk ved fjorden. Her er det mulighet for overnatting og aktiviteter [&hellip;]<\/p>\n","protected":false},"author":1,"featured_media":0,"parent":0,"menu_order":0,"comment_status":"closed","ping_status":"closed","template":"","meta":{"footnotes":""},"class_list":["post-7","page","type-page","status-publish","hentry","has-post-title","has-post-date","has-post-category","has-post-tag","has-post-comment","has-post-author"],"_links":{"self":[{"href":"https:\/\/kurtese.no\/index.php?rest_route=\/wp\/v2\/pages\/7","targetHints":{"allow":["GET"]}}],"collection":[{"href":"https:\/\/kurtese.no\/index.php?rest_route=\/wp\/v2\/pages"}],"about":[{"href":"https:\/\/kurtese.no\/index.php?rest_route=\/wp\/v2\/types\/page"}],"author":[{"embeddable":true,"href":"https:\/\/kurtese.no\/index.php?rest_route=\/wp\/v2\/users\/1"}],"replies":[{"embeddable":true,"href":"https:\/\/kurtese.no\/index.php?rest_route=%2Fwp%2Fv2%2Fcomments&post=7"}],"version-history":[{"count":35,"href":"https:\/\/kurtese.no\/index.php?rest_route=\/wp\/v2\/pages\/7\/revisions"}],"predecessor-version":[{"id":225,"href":"https:\/\/kurtese.no\/index.php?rest_route=\/wp\/v2\/pages\/7\/revisions\/225"}],"wp:attachment":[{"href":"https:\/\/kurtese.no\/index.php?rest_route=%2Fwp%2Fv2%2Fmedia&parent=7"}],"curies":[{"name":"wp","href":"https:\/\/api.w.org\/{rel}","templated":true}]}}