{"id":9,"date":"2016-10-29T00:35:43","date_gmt":"2016-10-28T22:35:43","guid":{"rendered":"http:\/\/kurtese.no\/?page_id=9"},"modified":"2016-10-29T18:23:47","modified_gmt":"2016-10-29T16:23:47","slug":"tjenesterpriser","status":"publish","type":"page","link":"https:\/\/kurtese.no\/?page_id=9","title":{"rendered":"Tjenester\/priser"},"content":{"rendered":"<div id=\"themify_builder_content-9\" data-postid=\"9\" class=\"themify_builder_content themify_builder_content-9 themify_builder themify_builder_front\">\n\n\t\t\t\t<!-- module_row -->\n\t\t\t<div  data-gutter=\"gutter-default\" class=\"themify_builder_row themify_builder_9_row module_row module_row_0 clearfix gutter-default col_align_top fullwidth\" data-equal-column-height=\"\" data-column-alignment=\"col_align_top\">\n\n\t\t\n\t\t\t\t\n\t\t\t\t<div class=\"row_inner_wrapper\">\n\t\t\t\t\t<div class=\"row_inner\">\n\n\t\t\t\t\t\t\n\t\t\t\t\t\t\n\t\t\t\t\t\t\t\n\t\t<div  class=\"col-full first tb-column  tb_9_column module_column_0 module_column\" >\n\n\t\t\t\n\t\t\t\n\t\t\t<div class=\"tb-column-inner\">\n\n\t\t\t\t\n\t\t\t\t\n\t\t\t\t\t\n<!-- module text -->\n<div id=\"text-9-0-0-1\" class=\"module module-text text-9-0-0-1   \">\n\t\n\t\n\t<h3><strong><span style=\"color: #000000;\">Innspilling\/arrangering<\/span><\/strong><\/h3><p>\u2022 Studioet tilbyr innspilling av musikk for band , enkeltpersoner, kor.<br \/>Har du\/dere en dr\u00f8m om \u00e5 spille inn plate eller enkeltsanger s\u00e5 er dr\u00f8mmen ikke langt unna. Med godt utstyr, gode omgivelser og god kunnskap f\u00e5r vi ut det beste du\/dere kan gi. <br \/>\u2022 Er behjelpelig med instrumentering\/arrangering av gitar, bass, keyboards og p\u00e5legg av trommer.<br \/>Har du en sang du vil spille inn men h\u00e5ndterer ikke instrumenter s\u00e5 godt. Ingen problem. Lang erfaring med musikk gj\u00f8r at din l\u00e5t blir presentert p\u00e5 best mulig m\u00e5te.<\/p><h3><strong><span style=\"color: #000000;\">Taleinnspillinger<\/span><\/strong><\/h3><p>\u2022 Innspilling av tale til det formatet du \u00f8nsker<br \/>Har du en historie \u00e5 fortelle- \u00f8nsker du \u00e5 formidle tekst. Da kan du gj\u00f8re det her og om du vil kan det legges fin bakgrunnsmusikk p\u00e5 det du formidler.<\/p><h3><strong><span style=\"color: #000000;\">Voiceover<\/span><\/strong><\/h3><p>\u2022 Voice-over til film\/video. Har du laget en dokumentar\/film fortelling der det er bruk for voiceover kan du gj\u00f8re det her<\/p><h3><strong><span style=\"color: #000000;\">Film\/video<\/span><\/strong><\/h3><p>\u2022 P\u00e5legg av musikk til film\/video. Hvis du \u00f8nsker filmeffekter eller musikk til film\/video er det enorme lydbibloteket et fantastisk utgangspunkt for \u00e5 skape den emosjonelle effekten du \u00f8nsker med produksjonen.<\/p><h3><strong><span style=\"color: #000000;\">Onlinemiksing<\/span><\/strong><\/h3><p>\u2022 Onlinemiksing. \u00c5 mikse , det \u00e5 f\u00e5 alle de ulike musikkbitene i en l\u00e5t til \u00e5 passe sammen uten \u00e5 drukne i uklarhet og d\u00e5rlig balanse er en utfordring. Mikseprosessen er ikke tilfeldig og for \u00e5 f\u00e5 det til \u00e5 \u201csitte\u201d riktig m\u00e5 det gj\u00f8res p\u00e5 en riktig kronologisk rekkef\u00f8lge. Ved online miksing laster du opp filene dine p\u00e5 en server\/droppboks . De blir hentet inn i Protools i studioet , mikset ,bounset ned og sendt tilbake til deg. S\u00e5 kan du sende stereofilen til endelig mastering for den perfekte lyden.<\/p><h3><strong><span style=\"color: #000000;\">Priser<\/span><\/strong><\/h3><p>\u2022 Priser. \u00c5 v\u00e6re i studio koster mye og mange m\u00e5 begrense tiden pga dyre studiotimer. De fleste studioer ligger p\u00e5 timespriser fra 500 kr og oppover. N\u00e5r budsjettet kniper mister man det gode man kunne f\u00e5 til, det blir stress og d\u00e5rlig arbeid.<br \/>Balestrand Lydstudio tilbyr timespris p\u00e5 kr 250 punktum. Du f\u00e5r mulighet til \u00e5 v\u00e6re kreativ og kan slappe av uten \u00e5 tenke p\u00e5 at lommeboken blir tom.<br \/>Onlinemiksing tilbys for kr 1000 pr l\u00e5t.<\/p>\n\t<\/div>\n<!-- \/module text -->\n\n\t\t\t\t\n\t\t\t<\/div><!-- \/.tb-column-inner -->\n\t\t\t\t\t<\/div>\n\t\t<!-- \/.tb-column -->\n\t\t\n\t\t\n\t\t\t\t\t\t\t\t\n\t\t\t\t\t\t\t\t\n\t\t\t\t\t\t\t\n\t\t\t\t\t\t<\/div>\n\t\t\t\t\t\t<!-- \/row_inner -->\n\t\t\t\t\t<\/div>\n\t\t\t\t\t<!-- \/row_inner_wrapper -->\n\t\t\t\t<\/div>\n\t\t\t\t<!-- \/module_row -->\n\t\t<\/div>\n<!-- \/themify_builder_content -->","protected":false},"excerpt":{"rendered":"<p>Innspilling\/arrangering\u2022 Studioet tilbyr innspilling av musikk for band , enkeltpersoner, kor.Har du\/dere en dr\u00f8m om \u00e5 spille inn plate eller enkeltsanger s\u00e5 er dr\u00f8mmen ikke langt unna. Med godt utstyr, gode omgivelser og god kunnskap f\u00e5r vi ut det beste du\/dere kan gi. \u2022 Er behjelpelig med instrumentering\/arrangering av gitar, bass, keyboards og p\u00e5legg av [&hellip;]<\/p>\n","protected":false},"author":1,"featured_media":0,"parent":0,"menu_order":0,"comment_status":"closed","ping_status":"closed","template":"","meta":{"footnotes":""},"class_list":["post-9","page","type-page","status-publish","hentry","has-post-title","has-post-date","has-post-category","has-post-tag","has-post-comment","has-post-author"],"_links":{"self":[{"href":"https:\/\/kurtese.no\/index.php?rest_route=\/wp\/v2\/pages\/9","targetHints":{"allow":["GET"]}}],"collection":[{"href":"https:\/\/kurtese.no\/index.php?rest_route=\/wp\/v2\/pages"}],"about":[{"href":"https:\/\/kurtese.no\/index.php?rest_route=\/wp\/v2\/types\/page"}],"author":[{"embeddable":true,"href":"https:\/\/kurtese.no\/index.php?rest_route=\/wp\/v2\/users\/1"}],"replies":[{"embeddable":true,"href":"https:\/\/kurtese.no\/index.php?rest_route=%2Fwp%2Fv2%2Fcomments&post=9"}],"version-history":[{"count":9,"href":"https:\/\/kurtese.no\/index.php?rest_route=\/wp\/v2\/pages\/9\/revisions"}],"predecessor-version":[{"id":183,"href":"https:\/\/kurtese.no\/index.php?rest_route=\/wp\/v2\/pages\/9\/revisions\/183"}],"wp:attachment":[{"href":"https:\/\/kurtese.no\/index.php?rest_route=%2Fwp%2Fv2%2Fmedia&parent=9"}],"curies":[{"name":"wp","href":"https:\/\/api.w.org\/{rel}","templated":true}]}}